{"id":1567,"date":"2021-12-23T07:51:46","date_gmt":"2021-12-23T00:51:46","guid":{"rendered":"https:\/\/www.biochem.vn\/?page_id=1567"},"modified":"2025-09-26T11:39:54","modified_gmt":"2025-09-26T04:39:54","slug":"english-about-us","status":"publish","type":"page","link":"https:\/\/www.biochem.vn\/en\/english-about-us\/","title":{"rendered":"About Us"},"content":{"rendered":"\n<p>\n<div class=\"slider-wrapper relative\" id=\"slider-961189965\" >\n    <div class=\"slider slider-nav-circle slider-nav-large slider-nav-light slider-style-normal\"\n        data-flickity-options='{\n            \"cellAlign\": \"center\",\n            \"imagesLoaded\": true,\n            \"lazyLoad\": 1,\n            \"freeScroll\": false,\n            \"wrapAround\": true,\n            \"autoPlay\": 6000,\n            \"pauseAutoPlayOnHover\" : true,\n            \"prevNextButtons\": true,\n            \"contain\" : true,\n            \"adaptiveHeight\" : true,\n            \"dragThreshold\" : 10,\n            \"percentPosition\": true,\n            \"pageDots\": true,\n            \"rightToLeft\": false,\n            \"draggable\": true,\n            \"selectedAttraction\": 0.1,\n            \"parallax\" : 0,\n            \"friction\": 0.6        }'\n        >\n        \n\n\n  <div class=\"banner has-hover\" id=\"banner-299757052\">\n          <div class=\"banner-inner fill\">\n        <div class=\"banner-bg fill\" >\n            <div class=\"bg fill bg-fill \"><\/div>\n                                    \n\t<div class=\"is-border\"\n\t\tstyle=\"border-width:0px 0px 0px 0px;\">\n\t<\/div>\n                    <\/div>\n\t\t\n        <div class=\"banner-layers container\">\n            <div class=\"fill banner-link\"><\/div>            \n\n\n        <\/div>\n      <\/div>\n\n            \n<style>\n#banner-299757052 {\n  padding-top: 31%;\n}\n#banner-299757052 .bg.bg-loaded {\n  background-image: url(https:\/\/www.biochem.vn\/wp-content\/uploads\/2022\/03\/van-phong-son-go-he-nuoc-biochem-1400x700.jpg);\n}\n#banner-299757052 .bg {\n  background-position: 62% 68%;\n}\n#banner-299757052 .ux-shape-divider--top svg {\n  height: 150px;\n  --divider-top-width: 100%;\n}\n#banner-299757052 .ux-shape-divider--bottom svg {\n  height: 150px;\n  --divider-width: 100%;\n}\n<\/style>\n  <\/div>\n\n\n\n     <\/div>\n\n     <div class=\"loading-spin dark large centered\"><\/div>\n\n     \t<\/div>\n\n\n\t<section class=\"section\" id=\"section_1567175761\">\n\t\t<div class=\"bg section-bg fill bg-fill  bg-loaded\" >\n\n\t\t\t\n\t\t\t\n\t\t\t\n\t<div class=\"is-border\"\n\t\tstyle=\"border-width:0px 0px 0px 0px;margin:50px 0px 0px 0px;\">\n\t<\/div>\n\n\t\t<\/div>\n\n\t\t\n\n\t\t<div class=\"section-content relative\">\n\t\t\t\n\n<div class=\"row row-large align-center row-divided\"  id=\"row-1704005197\">\n\n\n\t<div id=\"col-1134030504\" class=\"col large-12\"  >\n\t\t\t\t<div class=\"col-inner\"  >\n\t\t\t\n\t\t\t\n\n<h1>\u00a0<\/h1>\n<h1>Biochem&#8217;s paint &#8211; some facts and figures representing Biochem&#8217;s achievement within 15-year journey<\/h1>\n<p>In the past 15 years, Biochem&#8217;s grew by leap and bound. Average annual revenue growth rate was over 30%. Occupying factory and warehouse are of 10.000 m<sup>2<\/sup>, Biochem is now employing 150 staffs and specialists. <img loading=\"lazy\" decoding=\"async\" class=\"alignnone size-large wp-image-1410\" src=\"https:\/\/www.biochem.vn\/wp-content\/uploads\/2022\/01\/BIOCHEM-POSTER-01-1400x701.jpg\" alt=\"s\u01a1n g\u1ed7 h\u1ec7 n\u01b0\u1edbc nh\u00e0 cung c\u1ea5p biochem\" width=\"1020\" height=\"511\" srcset=\"https:\/\/www.biochem.vn\/wp-content\/uploads\/2022\/01\/BIOCHEM-POSTER-01-1400x701.jpg 1400w, https:\/\/www.biochem.vn\/wp-content\/uploads\/2022\/01\/BIOCHEM-POSTER-01-800x400.jpg 800w, https:\/\/www.biochem.vn\/wp-content\/uploads\/2022\/01\/BIOCHEM-POSTER-01-768x384.jpg 768w, https:\/\/www.biochem.vn\/wp-content\/uploads\/2022\/01\/BIOCHEM-POSTER-01-1536x769.jpg 1536w, https:\/\/www.biochem.vn\/wp-content\/uploads\/2022\/01\/BIOCHEM-POSTER-01-2048x1025.jpg 2048w, https:\/\/www.biochem.vn\/wp-content\/uploads\/2022\/01\/BIOCHEM-POSTER-01-600x300.jpg 600w\" sizes=\"auto, (max-width: 1020px) 100vw, 1020px\" \/> In the past, water based wood coating was underperformed when compared with solvent based coating. However, through intense research and development in nano technology, water based wood coating has been improved. Today, water based wood coating performs in par or even outshine solvent base coating in terms of durability, aesthetic, costing, safety to human health and environment.<\/p>\n<h2>Growing by understanding market needs.<\/h2>\n<p>Biochem International Joint Stock Company (Biochem) was originated from Cam Linh Co., Ltd. It was established in January 2002 with two founding members specializing in fabric printing ink with a meager capital of 5,000 USD. <img loading=\"lazy\" decoding=\"async\" class=\"alignnone size-large wp-image-1413\" src=\"https:\/\/www.biochem.vn\/wp-content\/uploads\/2022\/01\/nha-may-son-go-he-nuoc-biochem-thiet-ke-1-1024x800.jpg\" alt=\"quy-trinh-son-go-he-nuoc-biochem\" width=\"1020\" height=\"797\" srcset=\"https:\/\/www.biochem.vn\/wp-content\/uploads\/2022\/01\/nha-may-son-go-he-nuoc-biochem-thiet-ke-1-1024x800.jpg 1024w, https:\/\/www.biochem.vn\/wp-content\/uploads\/2022\/01\/nha-may-son-go-he-nuoc-biochem-thiet-ke-1-512x400.jpg 512w, https:\/\/www.biochem.vn\/wp-content\/uploads\/2022\/01\/nha-may-son-go-he-nuoc-biochem-thiet-ke-1-768x600.jpg 768w, https:\/\/www.biochem.vn\/wp-content\/uploads\/2022\/01\/nha-may-son-go-he-nuoc-biochem-thiet-ke-1-1536x1200.jpg 1536w, https:\/\/www.biochem.vn\/wp-content\/uploads\/2022\/01\/nha-may-son-go-he-nuoc-biochem-thiet-ke-1-600x469.jpg 600w, https:\/\/www.biochem.vn\/wp-content\/uploads\/2022\/01\/nha-may-son-go-he-nuoc-biochem-thiet-ke-1.jpg 1920w\" sizes=\"auto, (max-width: 1020px) 100vw, 1020px\" \/> In 2004, Cam Linh Co., Ltd. began to cooperate with Malaysian partners to expand the business into water-based wood paint which was a completely new product to the Vietnamese market at that time. Realizing the potential of the market, Cam Linh Co., Ltd cooperated with Malaysian partner to form a joint venture company namely Biochem International Joint Stock Company in August 2006. The joint venture built a factory on an area of \u200b\u200b2,500m<sup>2<\/sup> on a 1-hectare campus.\u00a0<img loading=\"lazy\" decoding=\"async\" class=\"alignnone size-large wp-image-1417\" src=\"https:\/\/www.biochem.vn\/wp-content\/uploads\/2022\/01\/quy-trinh-son-go-he-nuoc-biochem-nhan-vien-1024x800.jpg\" alt=\"quy-trinh-son-go-he-nuoc-biochem-nhan-vien\" width=\"1020\" height=\"797\" srcset=\"https:\/\/www.biochem.vn\/wp-content\/uploads\/2022\/01\/quy-trinh-son-go-he-nuoc-biochem-nhan-vien-1024x800.jpg 1024w, https:\/\/www.biochem.vn\/wp-content\/uploads\/2022\/01\/quy-trinh-son-go-he-nuoc-biochem-nhan-vien-512x400.jpg 512w, https:\/\/www.biochem.vn\/wp-content\/uploads\/2022\/01\/quy-trinh-son-go-he-nuoc-biochem-nhan-vien-768x600.jpg 768w, https:\/\/www.biochem.vn\/wp-content\/uploads\/2022\/01\/quy-trinh-son-go-he-nuoc-biochem-nhan-vien-1536x1200.jpg 1536w, https:\/\/www.biochem.vn\/wp-content\/uploads\/2022\/01\/quy-trinh-son-go-he-nuoc-biochem-nhan-vien-600x469.jpg 600w, https:\/\/www.biochem.vn\/wp-content\/uploads\/2022\/01\/quy-trinh-son-go-he-nuoc-biochem-nhan-vien.jpg 1920w\" sizes=\"auto, (max-width: 1020px) 100vw, 1020px\" \/> Laying the first foundation for market penetration, in 2008, the company began to approach Swedish IKEA customers through seminars introducing water-based products. In 2009, when IKEA started to gradually switching from solven based to water based paint, Biochem began supplying water based wood coating for several furniture factories of this group in Vietnam. Another turning point is when US leading furniture wholesalers and retailer, Williams Sonoma Corporation, started to use water based paint for environmentally friendly and safe furniture products for children. Biochem had successfully providing water based wood coating to one of the largest retailer of high-end furniture segment in the world. <img loading=\"lazy\" decoding=\"async\" class=\"alignnone size-large wp-image-1415\" src=\"https:\/\/www.biochem.vn\/wp-content\/uploads\/2022\/01\/nha-may-son-go-he-nuoc-biochem-thiet-ke-4-1024x800.jpg\" alt=\"nha-may-son-go-he-nuoc-biochem-thiet-ke (4)\" width=\"1020\" height=\"797\" srcset=\"https:\/\/www.biochem.vn\/wp-content\/uploads\/2022\/01\/nha-may-son-go-he-nuoc-biochem-thiet-ke-4-1024x800.jpg 1024w, https:\/\/www.biochem.vn\/wp-content\/uploads\/2022\/01\/nha-may-son-go-he-nuoc-biochem-thiet-ke-4-512x400.jpg 512w, https:\/\/www.biochem.vn\/wp-content\/uploads\/2022\/01\/nha-may-son-go-he-nuoc-biochem-thiet-ke-4-768x600.jpg 768w, https:\/\/www.biochem.vn\/wp-content\/uploads\/2022\/01\/nha-may-son-go-he-nuoc-biochem-thiet-ke-4-1536x1200.jpg 1536w, https:\/\/www.biochem.vn\/wp-content\/uploads\/2022\/01\/nha-may-son-go-he-nuoc-biochem-thiet-ke-4-600x469.jpg 600w, https:\/\/www.biochem.vn\/wp-content\/uploads\/2022\/01\/nha-may-son-go-he-nuoc-biochem-thiet-ke-4.jpg 1920w\" sizes=\"auto, (max-width: 1020px) 100vw, 1020px\" \/> As Biochem&#8217;s goal and mission is continuously improving the quality of products and services to customer, Biochem had gained the trust of majority customers in developed countries such as US, Australia and Europe Union. \u00a0From the round zero, Biochem built a new factory in early 2017. The total area of \u200b\u200bthe factory was 4,000m<sup>2<\/sup> with a total investment of about 20 billion Vietnam dong.<\/p>\n<h2>Gain success through product better quality of facilities, product and service.<\/h2>\n<p>With new production facilities, International Biochemistry Joint Stock Company (Biochem) has created a more professional and comfortable working environment for 150 employees.\u00a0Combined with better control product quality, on-time delivery and higher sales revenu growth, employees are able to enjoy better quality of life and income.\u00a0<img loading=\"lazy\" decoding=\"async\" class=\"alignnone size-large wp-image-1407\" src=\"https:\/\/www.biochem.vn\/wp-content\/uploads\/2022\/01\/nha-may-son-go-he-nuoc-biochem-thiet-ke-1024x800.jpg\" alt=\"nh\u00e0 m\u00e1y thi c\u00f4ng s\u01a1n g\u1ed7 h\u1ec7 n\u01b0\u1edbc biochem\" width=\"1020\" height=\"797\" srcset=\"https:\/\/www.biochem.vn\/wp-content\/uploads\/2022\/01\/nha-may-son-go-he-nuoc-biochem-thiet-ke-1024x800.jpg 1024w, https:\/\/www.biochem.vn\/wp-content\/uploads\/2022\/01\/nha-may-son-go-he-nuoc-biochem-thiet-ke-512x400.jpg 512w, https:\/\/www.biochem.vn\/wp-content\/uploads\/2022\/01\/nha-may-son-go-he-nuoc-biochem-thiet-ke-768x600.jpg 768w, https:\/\/www.biochem.vn\/wp-content\/uploads\/2022\/01\/nha-may-son-go-he-nuoc-biochem-thiet-ke-1536x1200.jpg 1536w, https:\/\/www.biochem.vn\/wp-content\/uploads\/2022\/01\/nha-may-son-go-he-nuoc-biochem-thiet-ke-600x469.jpg 600w, https:\/\/www.biochem.vn\/wp-content\/uploads\/2022\/01\/nha-may-son-go-he-nuoc-biochem-thiet-ke.jpg 1920w\" sizes=\"auto, (max-width: 1020px) 100vw, 1020px\" \/> Since then, Biochem grown into one of the largest and most reputable water-based wood coating companies in the Vietnamese furniture market with an average growth rate of 30-50% over the past 15 years.\u00a0In 2018, marking the first year that the company exported wood paint to the Thailand market. In 2020, this number paint exported to Thailand has growth more than 200%. <img loading=\"lazy\" decoding=\"async\" class=\"alignnone size-large wp-image-1546\" src=\"https:\/\/www.biochem.vn\/wp-content\/uploads\/2022\/05\/panel-mau-son-go-he-nuoc-1400x730.jpg\" alt=\"\" width=\"1020\" height=\"532\" srcset=\"https:\/\/www.biochem.vn\/wp-content\/uploads\/2022\/05\/panel-mau-son-go-he-nuoc-1400x730.jpg 1400w, https:\/\/www.biochem.vn\/wp-content\/uploads\/2022\/05\/panel-mau-son-go-he-nuoc-767x400.jpg 767w, https:\/\/www.biochem.vn\/wp-content\/uploads\/2022\/05\/panel-mau-son-go-he-nuoc-768x401.jpg 768w, https:\/\/www.biochem.vn\/wp-content\/uploads\/2022\/05\/panel-mau-son-go-he-nuoc-1536x801.jpg 1536w, https:\/\/www.biochem.vn\/wp-content\/uploads\/2022\/05\/panel-mau-son-go-he-nuoc-600x313.jpg 600w, https:\/\/www.biochem.vn\/wp-content\/uploads\/2022\/05\/panel-mau-son-go-he-nuoc.jpg 1856w\" sizes=\"auto, (max-width: 1020px) 100vw, 1020px\" \/> Difficulties in the early days of starting a business are both a challenge and a driving force for creating good new values.\u00a0These successes come from the spirit of continuous improvement to improve the quality of products and services, user health and safety, and environmental friendliness.\u00a0That is the mission that Biochem has pursued for the past 15 years.<\/p>\n<h2>Success comes from constant efforts.<\/h2>\n<p>In order to obtain results for more than a decade, all employees of International Biochemistry Joint Stock Company (Biochem) have worked enthusiastically, devoted themselves, and are always present at all times to accompany them. customers, manage and control the quality of each product.\u00a0Since then, the collective&#8217;s productivity has been improved, bringing satisfaction and confidence about quality, reputable and reliable Biochem products to customers.<img loading=\"lazy\" decoding=\"async\" class=\"alignnone size-large wp-image-1408\" src=\"https:\/\/www.biochem.vn\/wp-content\/uploads\/2022\/01\/nha-may-son-go-he-nuoc-biochem-thiet-ke-8-1024x800.jpg\" alt=\"\u0111\u1ed9i ng\u0169 l\u00e3nh \u0111\u1ea1o s\u01a1n g\u1ed7 h\u1ec7 n\u01b0\u1edbc biochem\" width=\"1020\" height=\"797\" srcset=\"https:\/\/www.biochem.vn\/wp-content\/uploads\/2022\/01\/nha-may-son-go-he-nuoc-biochem-thiet-ke-8-1024x800.jpg 1024w, https:\/\/www.biochem.vn\/wp-content\/uploads\/2022\/01\/nha-may-son-go-he-nuoc-biochem-thiet-ke-8-512x400.jpg 512w, https:\/\/www.biochem.vn\/wp-content\/uploads\/2022\/01\/nha-may-son-go-he-nuoc-biochem-thiet-ke-8-768x600.jpg 768w, https:\/\/www.biochem.vn\/wp-content\/uploads\/2022\/01\/nha-may-son-go-he-nuoc-biochem-thiet-ke-8-1536x1200.jpg 1536w, https:\/\/www.biochem.vn\/wp-content\/uploads\/2022\/01\/nha-may-son-go-he-nuoc-biochem-thiet-ke-8-600x469.jpg 600w, https:\/\/www.biochem.vn\/wp-content\/uploads\/2022\/01\/nha-may-son-go-he-nuoc-biochem-thiet-ke-8.jpg 1920w\" sizes=\"auto, (max-width: 1020px) 100vw, 1020px\" \/><\/p>\n<h2>Contact Biochem International Joint Stock Company (Biochem)<\/h2>\n<p>The product is researched, produced and distributed exclusively in Vietnam by the International Biochemistry Joint Stock Company (Biochem).\u00a0If you want to learn more, please contact the information below.<\/p>\n<p>Address: No 66, Number 01 Street, Quarter 1, Tan Phong Ward District 7, HCMC.<br \/>Tel: (+84-28) 3620 4207 \/ 3620 4208.<br \/>Fax: (+84-28) 3620 4206.<br \/>Email: contact@biochem.vn.<br \/>Website: www.biochem.vn<\/p>\n\n\t\t<\/div>\n\t\t\t\t\t<\/div>\n\n\t\n\n<\/div>\n\n\t\t<\/div>\n\n\t\t\n<style>\n#section_1567175761 {\n  padding-top: 0px;\n  padding-bottom: 0px;\n  background-color: rgb(255, 255, 255);\n}\n#section_1567175761 .ux-shape-divider--top svg {\n  height: 150px;\n  --divider-top-width: 100%;\n}\n#section_1567175761 .ux-shape-divider--bottom svg {\n  height: 150px;\n  --divider-width: 100%;\n}\n<\/style>\n\t<\/section>\n\t\n\t<div class=\"box has-hover  hidden has-hover box-text-bottom\" >\n\n\t\t<div class=\"box-image\" style=\"width:80%;\">\n\t\t\t\t\t\t<div class=\"\" >\n\t\t\t\t<img loading=\"lazy\" decoding=\"async\" width=\"1048\" height=\"1155\" src=\"https:\/\/www.biochem.vn\/wp-content\/uploads\/2021\/12\/menu-tintuc.jpg\" class=\"attachment- size-\" alt=\"\" srcset=\"https:\/\/www.biochem.vn\/wp-content\/uploads\/2021\/12\/menu-tintuc.jpg 1048w, https:\/\/www.biochem.vn\/wp-content\/uploads\/2021\/12\/menu-tintuc-363x400.jpg 363w, https:\/\/www.biochem.vn\/wp-content\/uploads\/2021\/12\/menu-tintuc-726x800.jpg 726w, https:\/\/www.biochem.vn\/wp-content\/uploads\/2021\/12\/menu-tintuc-768x846.jpg 768w, https:\/\/www.biochem.vn\/wp-content\/uploads\/2021\/12\/menu-tintuc-600x661.jpg 600w\" sizes=\"auto, (max-width: 1048px) 100vw, 1048px\" \/>\t\t\t\t\t\t\t\t\t\t\t<\/div>\n\t\t\t\t\t<\/div>\n\n\t\t<div class=\"box-text text-center\" >\n\t\t\t<div class=\"box-text-inner\">\n\t\t\t\t\n\n\n\t\t\t<\/div>\n\t\t<\/div>\n\t<\/div>\n\t\n<\/p>\n\n","protected":false},"excerpt":{"rendered":"","protected":false},"author":1,"featured_media":1512,"parent":0,"menu_order":0,"comment_status":"closed","ping_status":"closed","template":"page-blank.php","meta":{"footnotes":""},"class_list":["post-1567","page","type-page","status-publish","has-post-thumbnail","hentry"],"yoast_head":"<!-- This site is optimized with the Yoast SEO plugin v23.2 - https:\/\/yoast.com\/wordpress\/plugins\/seo\/ -->\n<title>About Us - BIOCHEM<\/title>\n<meta name=\"robots\" content=\"index, follow, max-snippet:-1, max-image-preview:large, max-video-preview:-1\" \/>\n<link rel=\"canonical\" href=\"https:\/\/www.biochem.vn\/en\/english-about-us\/\" \/>\n<meta property=\"og:locale\" content=\"en_US\" \/>\n<meta property=\"og:type\" content=\"article\" \/>\n<meta property=\"og:title\" content=\"About Us - BIOCHEM\" \/>\n<meta property=\"og:url\" content=\"https:\/\/www.biochem.vn\/en\/english-about-us\/\" \/>\n<meta property=\"og:site_name\" content=\"BIOCHEM\" \/>\n<meta property=\"article:modified_time\" content=\"2025-09-26T04:39:54+00:00\" \/>\n<meta property=\"og:image\" content=\"https:\/\/www.biochem.vn\/wp-content\/uploads\/2022\/02\/BIOCHEM-POSTER-01-scaled.jpg\" \/>\n\t<meta property=\"og:image:width\" content=\"2560\" \/>\n\t<meta property=\"og:image:height\" content=\"1281\" \/>\n\t<meta property=\"og:image:type\" content=\"image\/jpeg\" \/>\n<meta name=\"twitter:card\" content=\"summary_large_image\" \/>\n<meta name=\"twitter:label1\" content=\"Est. reading time\" \/>\n\t<meta name=\"twitter:data1\" content=\"6 minutes\" \/>\n<script type=\"application\/ld+json\" class=\"yoast-schema-graph\">{\"@context\":\"https:\/\/schema.org\",\"@graph\":[{\"@type\":\"WebPage\",\"@id\":\"https:\/\/www.biochem.vn\/en\/english-about-us\/\",\"url\":\"https:\/\/www.biochem.vn\/en\/english-about-us\/\",\"name\":\"About Us - BIOCHEM\",\"isPartOf\":{\"@id\":\"https:\/\/www.biochem.vn\/en\/#website\"},\"primaryImageOfPage\":{\"@id\":\"https:\/\/www.biochem.vn\/en\/english-about-us\/#primaryimage\"},\"image\":{\"@id\":\"https:\/\/www.biochem.vn\/en\/english-about-us\/#primaryimage\"},\"thumbnailUrl\":\"https:\/\/www.biochem.vn\/wp-content\/uploads\/2022\/02\/BIOCHEM-POSTER-01-scaled.jpg\",\"datePublished\":\"2021-12-23T00:51:46+00:00\",\"dateModified\":\"2025-09-26T04:39:54+00:00\",\"breadcrumb\":{\"@id\":\"https:\/\/www.biochem.vn\/en\/english-about-us\/#breadcrumb\"},\"inLanguage\":\"en-US\",\"potentialAction\":[{\"@type\":\"ReadAction\",\"target\":[\"https:\/\/www.biochem.vn\/en\/english-about-us\/\"]}]},{\"@type\":\"ImageObject\",\"inLanguage\":\"en-US\",\"@id\":\"https:\/\/www.biochem.vn\/en\/english-about-us\/#primaryimage\",\"url\":\"https:\/\/www.biochem.vn\/wp-content\/uploads\/2022\/02\/BIOCHEM-POSTER-01-scaled.jpg\",\"contentUrl\":\"https:\/\/www.biochem.vn\/wp-content\/uploads\/2022\/02\/BIOCHEM-POSTER-01-scaled.jpg\",\"width\":2560,\"height\":1281},{\"@type\":\"BreadcrumbList\",\"@id\":\"https:\/\/www.biochem.vn\/en\/english-about-us\/#breadcrumb\",\"itemListElement\":[{\"@type\":\"ListItem\",\"position\":1,\"name\":\"Trang ch\u1ee7\",\"item\":\"https:\/\/www.biochem.vn\/en\/\"},{\"@type\":\"ListItem\",\"position\":2,\"name\":\"About Us\"}]},{\"@type\":\"WebSite\",\"@id\":\"https:\/\/www.biochem.vn\/en\/#website\",\"url\":\"https:\/\/www.biochem.vn\/en\/\",\"name\":\"BIOCHEM\",\"description\":\"S\u01a1n G\u1ed7 H\u1ec7 N\u01b0\u1edbc\",\"potentialAction\":[{\"@type\":\"SearchAction\",\"target\":{\"@type\":\"EntryPoint\",\"urlTemplate\":\"https:\/\/www.biochem.vn\/en\/?s={search_term_string}\"},\"query-input\":\"required name=search_term_string\"}],\"inLanguage\":\"en-US\"}]}<\/script>\n<!-- \/ Yoast SEO plugin. -->","yoast_head_json":{"title":"About Us - BIOCHEM","robots":{"index":"index","follow":"follow","max-snippet":"max-snippet:-1","max-image-preview":"max-image-preview:large","max-video-preview":"max-video-preview:-1"},"canonical":"https:\/\/www.biochem.vn\/en\/english-about-us\/","og_locale":"en_US","og_type":"article","og_title":"About Us - BIOCHEM","og_url":"https:\/\/www.biochem.vn\/en\/english-about-us\/","og_site_name":"BIOCHEM","article_modified_time":"2025-09-26T04:39:54+00:00","og_image":[{"width":2560,"height":1281,"url":"https:\/\/www.biochem.vn\/wp-content\/uploads\/2022\/02\/BIOCHEM-POSTER-01-scaled.jpg","type":"image\/jpeg"}],"twitter_card":"summary_large_image","twitter_misc":{"Est. reading time":"6 minutes"},"schema":{"@context":"https:\/\/schema.org","@graph":[{"@type":"WebPage","@id":"https:\/\/www.biochem.vn\/en\/english-about-us\/","url":"https:\/\/www.biochem.vn\/en\/english-about-us\/","name":"About Us - BIOCHEM","isPartOf":{"@id":"https:\/\/www.biochem.vn\/en\/#website"},"primaryImageOfPage":{"@id":"https:\/\/www.biochem.vn\/en\/english-about-us\/#primaryimage"},"image":{"@id":"https:\/\/www.biochem.vn\/en\/english-about-us\/#primaryimage"},"thumbnailUrl":"https:\/\/www.biochem.vn\/wp-content\/uploads\/2022\/02\/BIOCHEM-POSTER-01-scaled.jpg","datePublished":"2021-12-23T00:51:46+00:00","dateModified":"2025-09-26T04:39:54+00:00","breadcrumb":{"@id":"https:\/\/www.biochem.vn\/en\/english-about-us\/#breadcrumb"},"inLanguage":"en-US","potentialAction":[{"@type":"ReadAction","target":["https:\/\/www.biochem.vn\/en\/english-about-us\/"]}]},{"@type":"ImageObject","inLanguage":"en-US","@id":"https:\/\/www.biochem.vn\/en\/english-about-us\/#primaryimage","url":"https:\/\/www.biochem.vn\/wp-content\/uploads\/2022\/02\/BIOCHEM-POSTER-01-scaled.jpg","contentUrl":"https:\/\/www.biochem.vn\/wp-content\/uploads\/2022\/02\/BIOCHEM-POSTER-01-scaled.jpg","width":2560,"height":1281},{"@type":"BreadcrumbList","@id":"https:\/\/www.biochem.vn\/en\/english-about-us\/#breadcrumb","itemListElement":[{"@type":"ListItem","position":1,"name":"Trang ch\u1ee7","item":"https:\/\/www.biochem.vn\/en\/"},{"@type":"ListItem","position":2,"name":"About Us"}]},{"@type":"WebSite","@id":"https:\/\/www.biochem.vn\/en\/#website","url":"https:\/\/www.biochem.vn\/en\/","name":"BIOCHEM","description":"S\u01a1n G\u1ed7 H\u1ec7 N\u01b0\u1edbc","potentialAction":[{"@type":"SearchAction","target":{"@type":"EntryPoint","urlTemplate":"https:\/\/www.biochem.vn\/en\/?s={search_term_string}"},"query-input":"required name=search_term_string"}],"inLanguage":"en-US"}]}},"_links":{"self":[{"href":"https:\/\/www.biochem.vn\/en\/wp-json\/wp\/v2\/pages\/1567","targetHints":{"allow":["GET"]}}],"collection":[{"href":"https:\/\/www.biochem.vn\/en\/wp-json\/wp\/v2\/pages"}],"about":[{"href":"https:\/\/www.biochem.vn\/en\/wp-json\/wp\/v2\/types\/page"}],"author":[{"embeddable":true,"href":"https:\/\/www.biochem.vn\/en\/wp-json\/wp\/v2\/users\/1"}],"replies":[{"embeddable":true,"href":"https:\/\/www.biochem.vn\/en\/wp-json\/wp\/v2\/comments?post=1567"}],"version-history":[{"count":7,"href":"https:\/\/www.biochem.vn\/en\/wp-json\/wp\/v2\/pages\/1567\/revisions"}],"predecessor-version":[{"id":3183,"href":"https:\/\/www.biochem.vn\/en\/wp-json\/wp\/v2\/pages\/1567\/revisions\/3183"}],"wp:featuredmedia":[{"embeddable":true,"href":"https:\/\/www.biochem.vn\/en\/wp-json\/wp\/v2\/media\/1512"}],"wp:attachment":[{"href":"https:\/\/www.biochem.vn\/en\/wp-json\/wp\/v2\/media?parent=1567"}],"curies":[{"name":"wp","href":"https:\/\/api.w.org\/{rel}","templated":true}]}}